{"id":2091,"date":"2016-10-21T12:50:03","date_gmt":"2016-10-21T12:50:03","guid":{"rendered":"http:\/\/industrial.omnicom-dev.com\/main-demo\/?page_id=2091"},"modified":"2024-05-15T18:40:07","modified_gmt":"2024-05-15T17:40:07","slug":"sluzby","status":"publish","type":"page","link":"http:\/\/www.ecp-cz.cz\/?page_id=2091","title":{"rendered":"Slu\u017eby"},"content":{"rendered":"<div class=\"bt_rc_container\"><section id=\"bt_section69d2682b2371b\"  class=\"boldSection topSemiSpaced gutter boxed inherit\" ><div class=\"port\"><div class=\"boldCell\"><div class=\"boldCellInner\"><div class=\"boldRow \" ><div class=\"boldRowInner\"><div class=\"rowItem col-md-12 col-ms-12  btTextLeft\"  data-width=\"12\"><div class=\"rowItemContent\" ><div class=\"btText\" ><p>ECP a.s. disponuje ide\u00e1ln\u00edm um\u00edst\u011bn\u00edm logistick\u00e9ho are\u00e1lu v r\u00e1mci \u010cR i cel\u00e9ho st\u0159edoevropsk\u00e9ho regionu. Logistick\u00fd are\u00e1l spole\u010dnosti ECP a.s. se nach\u00e1z\u00ed ve Vestci u Prahy v bl\u00edzk\u00e9 dostupnosti hlavn\u00edch silni\u010dn\u00edch tah\u016f.<\/p>\n<p>Logistick\u00e9 slu\u017eby poskytovan\u00e9 spole\u010dnost\u00ed ECP a.s. jsou v souladu s principy Spr\u00e1vn\u00e9 distribu\u010dn\u00ed praxe (SPD) a se v\u0161emi relevantn\u00edmi z\u00e1kony a p\u0159edpisy \u010cesk\u00e9 republiky a Evropsk\u00e9 unie.<\/p>\n<p>Spole\u010dnost ECP a.s. poskytuje logistick\u00fd servis a slu\u017eby podle individu\u00e1ln\u00edch pot\u0159eb a po\u017eadavk\u016f z\u00e1kazn\u00edk\u016f z \u0159ad \u010desk\u00fdch i zahrani\u010dn\u00edch farmaceutick\u00fdch spole\u010dnost\u00ed a v\u00fdrobc\u016f zdravotnick\u00fdch prost\u0159edk\u016f.<\/p>\n<p>V r\u00e1mci logistick\u00fdch slu\u017eeb spole\u010dnost zaji\u0161\u0165uje:<\/p>\n<ul>\n<li>distribuci l\u00e9\u010div, veterin\u00e1rn\u00edch p\u0159\u00edpravk\u016f a zdravotnick\u00fdch prost\u0159edk\u016f na \u00fazem\u00ed EU<\/li>\n<li>dovoz l\u00e9\u010div a zdravotnick\u00fdch prost\u0159edk\u016f z EU<\/li>\n<li>skladov\u00e1n\u00ed v prostor\u00e1ch schv\u00e1len\u00fdmi St\u00e1tn\u00ed \u00fastavem pro kontrolu l\u00e9\u010div a spl\u0148uj\u00edc\u00edmi p\u0159edpisy EU, a to i skladov\u00e1n\u00ed ve zvl\u00e1\u0161tn\u00edch re\u017eimech (psychotropn\u00ed l\u00e1tky, r\u016fzn\u00e9 teplotn\u00ed re\u017eimy)<\/li>\n<li>konsignaci<\/li>\n<li>dopravu (v\u010detn\u011b p\u0159epravy l\u00e9\u010div ve zvl\u00e1\u0161tn\u00edm re\u017eimu &#8211; termolabiln\u00ed l\u00e9\u010diva)<\/li>\n<\/ul>\n<p>V r\u00e1mci komplexn\u00edho servisu poskytuje i dal\u0161\u00ed slu\u017eby, jako nap\u0159.:<\/p>\n<ul>\n<li>p\u0159\u00edjem objedn\u00e1vek a fakturace<\/li>\n<li>zaji\u0161t\u011bn\u00ed kontrol kvality<\/li>\n<li>celn\u00ed slu\u017eby, poji\u0161t\u011bn\u00ed<\/li>\n<\/ul>\n<p>\n<\/div><div class=\"btClear btSeparator bottomSemiSpaced noBorder\" ><hr><\/div><\/div><\/div><\/div><\/div><div class=\"boldRow \" ><div class=\"boldRowInner\"><div class=\"rowItem col-md-4 col-ms-12 btTextLeft animate animate-fadein inherit\"  data-width=\"4\"><div class=\"rowItemContent\" ><div class=\"bpgPhoto btDefaultHoverType btHasTitles\" > \r\n\t\t\t\t\t<a href=\"https:\/\/www.ecp-cz.cz\/?page_id=2504\" target=\"_self\" title=\"Skladov\u00e1n\u00ed\"><\/a>\r\n\t\t\t\t\t<div class=\"boldPhotoBox\"><div class=\"bpbItem\"><div class = \"btImage\"><img decoding=\"async\" src=\"http:\/\/www.ecp-cz.cz\/wp-content\/uploads\/2018\/02\/imagio_82176926-640x640.jpg\" alt=\"\" title=\"Skladov\u00e1n\u00ed\"><\/div><\/div><\/div>\r\n\t\t\t\t\t<div class=\"captionPane btDarkSkin btTextCenter\">\r\n\t\t\t\t\t\t<div class=\"captionTable\">\r\n\t\t\t\t\t\t\t<div class=\"captionCell\">\r\n\t\t\t\t\t\t\t\t<div class=\"captionTxt\"><header class=\"header btClear extrasmall\" ><div class=\"dash\"><h4><span class=\"headline\">Skladov\u00e1n\u00ed<\/span><\/h4><\/div><\/header><\/div>\r\n\t\t\t\t\t\t\t<\/div>\r\n\t\t\t\t\t\t<\/div>\r\n\t\t\t\t\t<\/div>\r\n\t\t\t\t\t\t<div class=\"btShowTitle\">\r\n\t\t\t\t\t\t\t<div class=\"btShowTitleCaptionTxt\"><header class=\"header btClear small\" ><div class=\"dash\"><h4><span class=\"headline\">Skladov\u00e1n\u00ed<\/span><\/h4><\/div><\/header><\/div>\r\n\t\t\t\t\t\t<\/div><\/div><div class=\"btClear btSeparator topSmallSpaced bottomSmallSpaced noBorder\" ><hr><\/div><\/div><\/div><div class=\"rowItem col-md-4 col-ms-12 btTextLeft animate animate-fadein inherit\"  data-width=\"4\"><div class=\"rowItemContent\" ><div class=\"bpgPhoto btDefaultHoverType btHasTitles\" > \r\n\t\t\t\t\t<a href=\"https:\/\/www.ecp-cz.cz\/?page_id=3174\" target=\"_self\" title=\"Doprava a distribuce\"><\/a>\r\n\t\t\t\t\t<div class=\"boldPhotoBox\"><div class=\"bpbItem\"><div class = \"btImage\"><img decoding=\"async\" src=\"http:\/\/www.ecp-cz.cz\/wp-content\/uploads\/2018\/02\/imagio_71357773-640x640.jpg\" alt=\"\" title=\"Doprava a distribuce\"><\/div><\/div><\/div>\r\n\t\t\t\t\t<div class=\"captionPane btDarkSkin btTextCenter\">\r\n\t\t\t\t\t\t<div class=\"captionTable\">\r\n\t\t\t\t\t\t\t<div class=\"captionCell\">\r\n\t\t\t\t\t\t\t\t<div class=\"captionTxt\"><header class=\"header btClear extrasmall\" ><div class=\"dash\"><h4><span class=\"headline\">Doprava a distribuce<\/span><\/h4><\/div><\/header><\/div>\r\n\t\t\t\t\t\t\t<\/div>\r\n\t\t\t\t\t\t<\/div>\r\n\t\t\t\t\t<\/div>\r\n\t\t\t\t\t\t<div class=\"btShowTitle\">\r\n\t\t\t\t\t\t\t<div class=\"btShowTitleCaptionTxt\"><header class=\"header btClear small\" ><div class=\"dash\"><h4><span class=\"headline\">Doprava a distribuce<\/span><\/h4><\/div><\/header><\/div>\r\n\t\t\t\t\t\t<\/div><\/div><div class=\"btClear btSeparator topSmallSpaced bottomSmallSpaced noBorder\" ><hr><\/div><\/div><\/div><div class=\"rowItem col-md-4 col-ms-12 btTextLeft animate animate-fadein inherit\"  data-width=\"4\"><div class=\"rowItemContent\" ><div class=\"bpgPhoto btDefaultHoverType btHasTitles\" > \r\n\t\t\t\t\t<a href=\"https:\/\/www.ecp-cz.cz\/?page_id=3176\" target=\"_self\" title=\"Obchodn\u00ed \u010dinnost\"><\/a>\r\n\t\t\t\t\t<div class=\"boldPhotoBox\"><div class=\"bpbItem\"><div class = \"btImage\"><img decoding=\"async\" src=\"http:\/\/www.ecp-cz.cz\/wp-content\/uploads\/2018\/02\/imagio_39537694-640x640.jpg\" alt=\"\" title=\"Obchodn\u00ed \u010dinnost\"><\/div><\/div><\/div>\r\n\t\t\t\t\t<div class=\"captionPane btDarkSkin btTextCenter\">\r\n\t\t\t\t\t\t<div class=\"captionTable\">\r\n\t\t\t\t\t\t\t<div class=\"captionCell\">\r\n\t\t\t\t\t\t\t\t<div class=\"captionTxt\"><header class=\"header btClear extrasmall\" ><div class=\"dash\"><h4><span class=\"headline\">Obchodn\u00ed \u010dinnost<\/span><\/h4><\/div><\/header><\/div>\r\n\t\t\t\t\t\t\t<\/div>\r\n\t\t\t\t\t\t<\/div>\r\n\t\t\t\t\t<\/div>\r\n\t\t\t\t\t\t<div class=\"btShowTitle\">\r\n\t\t\t\t\t\t\t<div class=\"btShowTitleCaptionTxt\"><header class=\"header btClear small\" ><div class=\"dash\"><h4><span class=\"headline\">Obchodn\u00ed \u010dinnost<\/span><\/h4><\/div><\/header><\/div>\r\n\t\t\t\t\t\t<\/div><\/div><div class=\"btClear btSeparator topSmallSpaced bottomSmallSpaced noBorder\" ><hr><\/div><\/div><\/div><\/div><\/div><\/div><\/div><\/div><\/section>\n<\/div>","protected":false},"excerpt":{"rendered":"","protected":false},"author":1,"featured_media":3189,"parent":0,"menu_order":0,"comment_status":"closed","ping_status":"closed","template":"","meta":{"footnotes":""},"class_list":["post-2091","page","type-page","status-publish","has-post-thumbnail","hentry"],"_links":{"self":[{"href":"http:\/\/www.ecp-cz.cz\/index.php?rest_route=\/wp\/v2\/pages\/2091","targetHints":{"allow":["GET"]}}],"collection":[{"href":"http:\/\/www.ecp-cz.cz\/index.php?rest_route=\/wp\/v2\/pages"}],"about":[{"href":"http:\/\/www.ecp-cz.cz\/index.php?rest_route=\/wp\/v2\/types\/page"}],"author":[{"embeddable":true,"href":"http:\/\/www.ecp-cz.cz\/index.php?rest_route=\/wp\/v2\/users\/1"}],"replies":[{"embeddable":true,"href":"http:\/\/www.ecp-cz.cz\/index.php?rest_route=%2Fwp%2Fv2%2Fcomments&post=2091"}],"version-history":[{"count":13,"href":"http:\/\/www.ecp-cz.cz\/index.php?rest_route=\/wp\/v2\/pages\/2091\/revisions"}],"predecessor-version":[{"id":3424,"href":"http:\/\/www.ecp-cz.cz\/index.php?rest_route=\/wp\/v2\/pages\/2091\/revisions\/3424"}],"wp:featuredmedia":[{"embeddable":true,"href":"http:\/\/www.ecp-cz.cz\/index.php?rest_route=\/wp\/v2\/media\/3189"}],"wp:attachment":[{"href":"http:\/\/www.ecp-cz.cz\/index.php?rest_route=%2Fwp%2Fv2%2Fmedia&parent=2091"}],"curies":[{"name":"wp","href":"https:\/\/api.w.org\/{rel}","templated":true}]}}